{"id":1260,"date":"2024-05-01T12:10:56","date_gmt":"2024-05-01T12:10:56","guid":{"rendered":"https:\/\/fisioterapiaivonnecastro.com\/politica-de-privacidade\/"},"modified":"2024-06-16T20:06:51","modified_gmt":"2024-06-16T20:06:51","slug":"politica-de-privacidade","status":"publish","type":"page","link":"https:\/\/fisioterapiaivonnecastro.com\/gl\/politica-de-privacidade\/","title":{"rendered":"Pol\u00edtica de Privacidade"},"content":{"rendered":"\t\t<div data-elementor-type=\"wp-page\" data-elementor-id=\"1260\" class=\"elementor elementor-1260 elementor-3\">\n\t\t\t\t<div class=\"elementor-element elementor-element-1d6609a e-flex e-con-boxed e-con e-parent\" data-id=\"1d6609a\" data-element_type=\"container\" data-settings=\"{&quot;jet_parallax_layout_list&quot;:[]}\">\n\t\t\t\t\t<div class=\"e-con-inner\">\n\t\t\t\t<div class=\"elementor-element elementor-element-1b2c0fe elementor-widget elementor-widget-heading\" data-id=\"1b2c0fe\" data-element_type=\"widget\" data-widget_type=\"heading.default\">\n\t\t\t\t<div class=\"elementor-widget-container\">\n\t\t\t<style>\/*! elementor - v3.21.0 - 26-05-2024 *\/\n.elementor-heading-title{padding:0;margin:0;line-height:1}.elementor-widget-heading .elementor-heading-title[class*=elementor-size-]>a{color:inherit;font-size:inherit;line-height:inherit}.elementor-widget-heading .elementor-heading-title.elementor-size-small{font-size:15px}.elementor-widget-heading .elementor-heading-title.elementor-size-medium{font-size:19px}.elementor-widget-heading .elementor-heading-title.elementor-size-large{font-size:29px}.elementor-widget-heading .elementor-heading-title.elementor-size-xl{font-size:39px}.elementor-widget-heading .elementor-heading-title.elementor-size-xxl{font-size:59px}<\/style><h2 class=\"elementor-heading-title elementor-size-default\">Pol\u00edtica de Privacidade<\/h2>\t\t<\/div>\n\t\t\t\t<\/div>\n\t\t\t\t<div class=\"elementor-element elementor-element-4a4c1e91 elementor-widget elementor-widget-text-editor\" data-id=\"4a4c1e91\" data-element_type=\"widget\" data-widget_type=\"text-editor.default\">\n\t\t\t\t<div class=\"elementor-widget-container\">\n\t\t\t<style>\/*! elementor - v3.21.0 - 26-05-2024 *\/\n.elementor-widget-text-editor.elementor-drop-cap-view-stacked .elementor-drop-cap{background-color:#69727d;color:#fff}.elementor-widget-text-editor.elementor-drop-cap-view-framed .elementor-drop-cap{color:#69727d;border:3px solid;background-color:transparent}.elementor-widget-text-editor:not(.elementor-drop-cap-view-default) .elementor-drop-cap{margin-top:8px}.elementor-widget-text-editor:not(.elementor-drop-cap-view-default) .elementor-drop-cap-letter{width:1em;height:1em}.elementor-widget-text-editor .elementor-drop-cap{float:left;text-align:center;line-height:1;font-size:50px}.elementor-widget-text-editor .elementor-drop-cap-letter{display:inline-block}<\/style>\t\t\t\t\n<p>En Fisioterapia Ivonne Castro, comprom\u00e9monos a protexer e respectar a t\u00faa privacidade. Esta pol\u00edtica de privacidade explica como recompilamos, usamos e protexemos a informaci\u00f3n persoal que nos proporcionas cando visitas o noso sitio web ou nos proporcionas informaci\u00f3n en persoa ou por tel\u00e9fono. Recomend\u00e1mosche que leas atentamente esta pol\u00edtica de privacidade para comprender as nosas pr\u00e1cticas con respecto aos teus datos persoais e como os trataremos.<\/p>\n\n\n\n<p><strong>Recollida de informaci\u00f3n<\/strong><\/p>\n\n\n\n<p>Recopilamos informaci\u00f3n persoal que nos proporciona voluntariamente, como o seu nome, enderezo, n\u00famero de tel\u00e9fono e enderezo de correo electr\u00f3nico. Isto pode ocorrer cando enche un formulario no noso sitio web, p\u00f3\u00f1ase en contacto connosco por tel\u00e9fono ou correo electr\u00f3nico ou nos proporciona informaci\u00f3n persoalmente.<\/p>\n\n\n\n<p>Ademais, o noso sitio web utiliza cookies para recoller certa informaci\u00f3n t\u00e9cnica sobre a s\u00faa visita, como o enderezo IP, o tipo de navegador, a localizaci\u00f3n xeogr\u00e1fica e o comportamento de navegaci\u00f3n no noso sitio. Esta informaci\u00f3n rec\u00f3llese de forma an\u00f3nima e util\u00edzase para mellorar a experiencia do usuario e personalizar o contido e a publicidade.<\/p>\n\n\n\n<p><strong>Uso da Informaci\u00f3n<\/strong><\/p>\n\n\n\n<p>Usamos a informaci\u00f3n persoal que recompilamos para ofrecerche os servizos que solicitas, responder \u00e1s t\u00faas consultas e proporcionarche informaci\u00f3n relevante sobre os nosos servizos. Tam\u00e9n podemos usar a s\u00faa informaci\u00f3n para mellorar o noso sitio web, personalizar a s\u00faa experiencia de usuario e enviar comunicaci\u00f3ns de mercadotecnia se optou por recibilas.<\/p>\n\n\n\n<p>Non compartiremos a s\u00faa informaci\u00f3n persoal con terceiros sen o seu consentimento, ag\u00e1s cando sexa necesario para cumprir a lei, protexer os nosos dereitos legais ou responder a solicitudes legais v\u00e1lidas das autoridades p\u00fablicas.<\/p>\n\n\n\n<p><strong>Seguridade da informaci\u00f3n<\/strong><\/p>\n\n\n\n<p>Tomamos medidas para protexer a seguridade da s\u00faa informaci\u00f3n persoal e evitar o acceso, o uso ou a divulgaci\u00f3n non autorizados dos seus datos. Utilizamos medidas de seguridade f\u00edsicas, electr\u00f3nicas e administrativas para protexer os seus datos contra a perda, o mal uso e o acceso non autorizado.<\/p>\n\n\n\n<p>Non obstante, debes ter en conta que ningunha transmisi\u00f3n de datos a trav\u00e9s de Internet ou almacenamento electr\u00f3nico de datos \u00e9 completamente segura. Polo tanto, non podemos garantir a seguridade absoluta da s\u00faa informaci\u00f3n.<\/p>\n\n\n\n<p><strong>Os teus dereitos de privacidade<\/strong><\/p>\n\n\n\n<p>Tes dereito a acceder, corrixir e eliminar a informaci\u00f3n persoal que temos sobre ti. Se desexa exercer alg\u00fan destes dereitos, p\u00f3\u00f1ase en contacto connosco utilizando os datos de contacto que se indican a continuaci\u00f3n.<\/p>\n\n\n\n<p><strong>Cambios nesta pol\u00edtica de privacidade<\/strong><\/p>\n\n\n\n<p>Reserv\u00e1monos o dereito de actualizar esta pol\u00edtica de privacidade en calquera momento, polo que recomendamos que a revise periodicamente para estar ao tanto de calquera cambio. Os cambios entrar\u00e1n en vigor en canto se publiquen no noso sitio web.<\/p>\n\n\n\n<p><strong>Contacto<\/strong><\/p>\n\n\n\n<p>Se tes algunha d\u00fabida, comentario ou d\u00fabida sobre esta pol\u00edtica de privacidade ou sobre como procesamos os teus datos persoais, non dubides en contactar connosco:<\/p>\n\n\n\n<p>Enderezo: r\u00faa da Liberdade, 64, Baixo, 27600 Sarria, Lugo  <\/p>\n\n\n\n<p>Tel\u00e9fono: 982 53 01 19  <\/p>\n\n\n\n<p>Correo electr\u00f3nico: <a>info@fisioterapiaivonnecastro.com<\/a><\/p>\n\n\n\n<p>Esta pol\u00edtica de privacidade actualizouse por \u00faltima vez o 05\/07\/2024.<\/p>\n\t\t\t\t\t\t<\/div>\n\t\t\t\t<\/div>\n\t\t\t\t\t<\/div>\n\t\t\t\t<\/div>\n\t\t\t\t<\/div>\n\t\t","protected":false},"excerpt":{"rendered":"<p>Pol\u00edtica de Privacidade En Fisioterapia Ivonne Castro, comprom\u00e9monos a protexer e respectar a t\u00faa privacidade. Esta pol\u00edtica de privacidade explica como recompilamos, usamos e protexemos a informaci\u00f3n persoal que nos proporcionas cando visitas o noso sitio web ou nos proporcionas informaci\u00f3n en persoa ou por tel\u00e9fono. Recomend\u00e1mosche que leas atentamente esta pol\u00edtica de privacidade para [&hellip;]<\/p>\n","protected":false},"author":1,"featured_media":0,"parent":0,"menu_order":0,"comment_status":"closed","ping_status":"closed","template":"","meta":{"footnotes":""},"class_list":["post-1260","page","type-page","status-publish","hentry"],"_links":{"self":[{"href":"https:\/\/fisioterapiaivonnecastro.com\/gl\/wp-json\/wp\/v2\/pages\/1260","targetHints":{"allow":["GET"]}}],"collection":[{"href":"https:\/\/fisioterapiaivonnecastro.com\/gl\/wp-json\/wp\/v2\/pages"}],"about":[{"href":"https:\/\/fisioterapiaivonnecastro.com\/gl\/wp-json\/wp\/v2\/types\/page"}],"author":[{"embeddable":true,"href":"https:\/\/fisioterapiaivonnecastro.com\/gl\/wp-json\/wp\/v2\/users\/1"}],"replies":[{"embeddable":true,"href":"https:\/\/fisioterapiaivonnecastro.com\/gl\/wp-json\/wp\/v2\/comments?post=1260"}],"version-history":[{"count":3,"href":"https:\/\/fisioterapiaivonnecastro.com\/gl\/wp-json\/wp\/v2\/pages\/1260\/revisions"}],"predecessor-version":[{"id":1827,"href":"https:\/\/fisioterapiaivonnecastro.com\/gl\/wp-json\/wp\/v2\/pages\/1260\/revisions\/1827"}],"wp:attachment":[{"href":"https:\/\/fisioterapiaivonnecastro.com\/gl\/wp-json\/wp\/v2\/media?parent=1260"}],"curies":[{"name":"wp","href":"https:\/\/api.w.org\/{rel}","templated":true}]}}